{"id":39067,"date":"2025-12-11T20:45:48","date_gmt":"2025-12-11T20:45:48","guid":{"rendered":"https:\/\/kcsstore.com\/?post_type=product&#038;p=39067"},"modified":"2026-04-19T00:18:06","modified_gmt":"2026-04-19T00:18:06","slug":"__trashed-3","status":"publish","type":"product","link":"https:\/\/kcsstore.com\/ar\/product\/__trashed-3\/","title":{"rendered":"Ricoh MP C307 A4 Color Multifunction Printer \u2013 Print, Copy, Scan &#038; Fax, 31 ppm, 1200\u00d71200 dpi, 10.1\u2033 Touch Screen, Duplex &#038; Network Connectivity \u0627\u0633\u062a\u0639\u0645\u0627\u0644 \u0627\u0644\u062e\u0627\u0631\u062c"},"content":{"rendered":"<table>\n<thead>\n<tr>\n<th><strong>Category<\/strong><\/th>\n<th><strong>Details<\/strong><\/th>\n<\/tr>\n<\/thead>\n<tbody>\n<tr>\n<td><strong>Model Name<\/strong><\/td>\n<td>Ricoh MP C307 A4 Color Multifunction Printer<\/td>\n<\/tr>\n<tr>\n<td><strong>Functions<\/strong><\/td>\n<td>Print, Copy, Scan, Fax (optional)<\/td>\n<\/tr>\n<tr>\n<td><strong>Printing Technology<\/strong><\/td>\n<td>Color Laser &#8211; Dry Electrostatic Transfer System<\/td>\n<\/tr>\n<tr>\n<td><strong>Print Speed<\/strong><\/td>\n<td>Up to <strong>31 ppm<\/strong> (color &amp; monochrome)<\/td>\n<\/tr>\n<tr>\n<td><strong>Print Resolution<\/strong><\/td>\n<td>Up to <strong>1200 \u00d7 1200 dpi<\/strong><\/td>\n<\/tr>\n<tr>\n<td><strong>First Print Time<\/strong><\/td>\n<td>B\/W ~7.2 s, Color ~8.6\u201311 s<\/td>\n<\/tr>\n<tr>\n<td><strong>Processor &amp; Memory<\/strong><\/td>\n<td>1.46 GHz CPU, <strong>2 GB RAM<\/strong> (standard)<\/td>\n<\/tr>\n<tr>\n<td><strong>Hard Drive<\/strong><\/td>\n<td>320 GB (standard)<\/td>\n<\/tr>\n<tr>\n<td><strong>Document Feeder<\/strong><\/td>\n<td>Single Pass Document Feeder (SPDF) \u2013 50 sheets<\/td>\n<\/tr>\n<tr>\n<td><strong>Scan Resolution<\/strong><\/td>\n<td>Up to 600 dpi (color &amp; B\/W)<\/td>\n<\/tr>\n<tr>\n<td><strong>Paper Handling<\/strong><\/td>\n<td><strong>Standard:<\/strong> 250-sheet tray + 100-sheet bypass; <strong>Max:<\/strong> ~1350 sheets with optional trays (<a title=\"Ricoh MP C307 | A4 Color Multifunction Printer | Planet Computers\" href=\"https:\/\/www.planetcomputers.al\/ricoh-mp-c307-a4-color-multifunction-printer.html?utm_source=chatgpt.com\" target=\"_blank\" rel=\"noopener\">planetcomputers.al<\/a>)<\/td>\n<\/tr>\n<tr>\n<td><strong>Auto Duplex<\/strong><\/td>\n<td>Yes \u2013 automatic 2-sided print\/scan (<a title=\"Multifunction Color\" href=\"https:\/\/brochure.copiercatalog.com\/ricoh\/mpc307.pdf?utm_source=chatgpt.com\" target=\"_blank\" rel=\"noopener\">brochure.copiercatalog.com<\/a>)<\/td>\n<\/tr>\n<tr>\n<td><strong>Supported Paper Sizes<\/strong><\/td>\n<td>A6\u2013A4 and various custom sizes (<a title=\"Ricoh MP C307 | A4 Color Multifunction Printer | Planet Computers\" href=\"https:\/\/www.planetcomputers.al\/ricoh-mp-c307-a4-color-multifunction-printer.html?utm_source=chatgpt.com\" target=\"_blank\" rel=\"noopener\">planetcomputers.al<\/a>)<\/td>\n<\/tr>\n<tr>\n<td><strong>Connectivity<\/strong><\/td>\n<td>USB 2.0, Gigabit Ethernet, SD card; Optional Wi-Fi (802.11a\/b\/g\/n), NFC (<a title=\"Multifunction Color\" href=\"https:\/\/brochure.copiercatalog.com\/ricoh\/mpc307.pdf?utm_source=chatgpt.com\" target=\"_blank\" rel=\"noopener\">brochure.copiercatalog.com<\/a>)<\/td>\n<\/tr>\n<tr>\n<td><strong>Mobile Printing<\/strong><\/td>\n<td>AirPrint\u2122, Mopria\u00ae, Cloud print support (<a title=\"A4 Colour Multifunction Printer\" href=\"https:\/\/www.koopiakeskus.ee\/Ricoh_brochures\/mpc307_407spf.pdf?utm_source=chatgpt.com\" target=\"_blank\" rel=\"noopener\">koopiakeskus.ee<\/a>)<\/td>\n<\/tr>\n<tr>\n<td><strong>Display<\/strong><\/td>\n<td>10.1\u2033 Smart Operation Panel (touchscreen) (<a title=\"Ricoh MP C307 | A4 Color Multifunction Printer | Planet Computers\" href=\"https:\/\/www.planetcomputers.al\/ricoh-mp-c307-a4-color-multifunction-printer.html?utm_source=chatgpt.com\" target=\"_blank\" rel=\"noopener\">planetcomputers.al<\/a>)<\/td>\n<\/tr>\n<tr>\n<td><strong>Security Features<\/strong><\/td>\n<td>User authentication, data encryption &amp; secure print options (<a title=\"Ricoh MP C307 | A4 Color Multifunction Printer | Planet Computers\" href=\"https:\/\/www.planetcomputers.al\/ricoh-mp-c307-a4-color-multifunction-printer.html?utm_source=chatgpt.com\" target=\"_blank\" rel=\"noopener\">planetcomputers.al<\/a>)<\/td>\n<\/tr>\n<tr>\n<td><strong>Network Protocols<\/strong><\/td>\n<td>TCP\/IP (IPv4\/IPv6), LDAP support (<a title=\"A4 Colour Multifunction Printer\" href=\"https:\/\/www.koopiakeskus.ee\/Ricoh_brochures\/mpc307_407spf.pdf?utm_source=chatgpt.com\" target=\"_blank\" rel=\"noopener\">koopiakeskus.ee<\/a>)<\/td>\n<\/tr>\n<tr>\n<td><strong>Dimensions<\/strong><\/td>\n<td>Approx. 498 \u00d7 585 \u00d7 510 mm (W\u00d7D\u00d7H) (<a title=\"Ricoh MP C307 | A4 Color Multifunction Printer | Planet Computers\" href=\"https:\/\/www.planetcomputers.al\/ricoh-mp-c307-a4-color-multifunction-printer.html?utm_source=chatgpt.com\" target=\"_blank\" rel=\"noopener\">planetcomputers.al<\/a>)<\/td>\n<\/tr>\n<tr>\n<td><strong>Weight<\/strong><\/td>\n<td>Approx. 46 kg (<a title=\"Ricoh MP C307 | A4 Color Multifunction Printer | Planet Computers\" href=\"https:\/\/www.planetcomputers.al\/ricoh-mp-c307-a4-color-multifunction-printer.html?utm_source=chatgpt.com\" target=\"_blank\" rel=\"noopener\">planetcomputers.al<\/a>)<\/td>\n<\/tr>\n<tr>\n<td><strong>Use Case<\/strong><\/td>\n<td>Small\/medium offices, workgroups, print\/copy\/scan workflows<\/td>\n<\/tr>\n<\/tbody>\n<\/table>","protected":false},"excerpt":{"rendered":"<ul>\n<li data-start=\"425\" data-end=\"480\">A4 <strong data-start=\"428\" data-end=\"459\">color multifunction printer<\/strong>: print, scan, copy<\/li>\n<li data-start=\"483\" data-end=\"530\">High-quality color and black-and-white output<\/li>\n<li data-start=\"533\" data-end=\"585\">Fast printing for small to medium office workloads<\/li>\n<li data-start=\"588\" data-end=\"637\">Compact design, fits desktops and office spaces<\/li>\n<li data-start=\"640\" data-end=\"688\">User-friendly control panel for easy operation<\/li>\n<\/ul>","protected":false},"featured_media":39123,"comment_status":"open","ping_status":"closed","template":"","meta":[],"product_brand":[],"product_cat":[403],"product_tag":[],"class_list":{"0":"post-39067","1":"product","2":"type-product","3":"status-publish","4":"has-post-thumbnail","6":"product_cat-403","7":"product_shipping_class-487","9":"first","10":"instock","11":"sale","12":"taxable","13":"shipping-taxable","14":"purchasable","15":"product-type-simple"},"_links":{"self":[{"href":"https:\/\/kcsstore.com\/ar\/wp-json\/wp\/v2\/product\/39067","targetHints":{"allow":["GET"]}}],"collection":[{"href":"https:\/\/kcsstore.com\/ar\/wp-json\/wp\/v2\/product"}],"about":[{"href":"https:\/\/kcsstore.com\/ar\/wp-json\/wp\/v2\/types\/product"}],"replies":[{"embeddable":true,"href":"https:\/\/kcsstore.com\/ar\/wp-json\/wp\/v2\/comments?post=39067"}],"version-history":[{"count":0,"href":"https:\/\/kcsstore.com\/ar\/wp-json\/wp\/v2\/product\/39067\/revisions"}],"wp:featuredmedia":[{"embeddable":true,"href":"https:\/\/kcsstore.com\/ar\/wp-json\/wp\/v2\/media\/39123"}],"wp:attachment":[{"href":"https:\/\/kcsstore.com\/ar\/wp-json\/wp\/v2\/media?parent=39067"}],"wp:term":[{"taxonomy":"product_brand","embeddable":true,"href":"https:\/\/kcsstore.com\/ar\/wp-json\/wp\/v2\/product_brand?post=39067"},{"taxonomy":"product_cat","embeddable":true,"href":"https:\/\/kcsstore.com\/ar\/wp-json\/wp\/v2\/product_cat?post=39067"},{"taxonomy":"product_tag","embeddable":true,"href":"https:\/\/kcsstore.com\/ar\/wp-json\/wp\/v2\/product_tag?post=39067"}],"curies":[{"name":"wp","href":"https:\/\/api.w.org\/{rel}","templated":true}]}}